{"id":3557,"date":"2021-10-01T12:11:08","date_gmt":"2021-10-01T12:11:08","guid":{"rendered":"https:\/\/www.asociacionuncanny.org\/?page_id=3557"},"modified":"2023-08-31T12:52:03","modified_gmt":"2023-08-31T12:52:03","slug":"quienes-somos","status":"publish","type":"page","link":"https:\/\/www.asociacionuncanny.org\/?page_id=3557","title":{"rendered":"Qui\u00e9nes Somos"},"content":{"rendered":"\n<p>La Asociaci\u00f3n Uncanny surge de la uni\u00f3n de corazones humanos y caninos, con el sue\u00f1o de colaborar para crear un mundo mejor, m\u00e1s inclusivo, en el que todos y todas seamos m\u00e1s emp\u00e1ticos y emp\u00e1ticas, que dejemos de ver las diferencias de cada persona como barreras para convertirlas en fuente de riqueza y aprendizaje.<\/p>\n\n\n\n<p>Nuestro equipo est\u00e1 formado por un grupo de especialistas dedicados al \u00e1mbito social y de ayuda, con unos valores en com\u00fan que se han querido reflejar y transmitir en este proyecto, como la solidaridad, el liderazgo, la empat\u00eda y la sana interacci\u00f3n con el medio.<\/p>\n\n\n\n<p>Perseguimos nuestros objetivos mediante el trabajo con perros, ya que desde nuestras experiencias y estudios aprendimos que son un recurso muy eficaz en decenas de \u00e1mbitos y situaciones: desde la educaci\u00f3n infantil hasta el cuidado de mayores, pasando por los innumerables beneficios en personas en riesgo de exclusi\u00f3n social, sin olvidarnos de los maravillosos perros de asistencia en casos de discapacidades tales como ceguera, sordera, diabetes, hipertensi\u00f3n, etc.<\/p>\n\n\n\n<figure class=\"wp-block-image size-large\"><img loading=\"lazy\" decoding=\"async\" width=\"1024\" height=\"768\" src=\"https:\/\/www.asociacionuncanny.org\/wp-content\/uploads\/2023\/08\/IMG-20220713-WA0026-1024x768.jpg\" alt=\"\" class=\"wp-image-3757\" srcset=\"https:\/\/www.asociacionuncanny.org\/wp-content\/uploads\/2023\/08\/IMG-20220713-WA0026-1024x768.jpg 1024w, https:\/\/www.asociacionuncanny.org\/wp-content\/uploads\/2023\/08\/IMG-20220713-WA0026-300x225.jpg 300w, https:\/\/www.asociacionuncanny.org\/wp-content\/uploads\/2023\/08\/IMG-20220713-WA0026-768x576.jpg 768w, https:\/\/www.asociacionuncanny.org\/wp-content\/uploads\/2023\/08\/IMG-20220713-WA0026-1536x1152.jpg 1536w, https:\/\/www.asociacionuncanny.org\/wp-content\/uploads\/2023\/08\/IMG-20220713-WA0026-155x116.jpg 155w, https:\/\/www.asociacionuncanny.org\/wp-content\/uploads\/2023\/08\/IMG-20220713-WA0026.jpg 1600w\" sizes=\"auto, (max-width: 1024px) 100vw, 1024px\" \/><\/figure>\n","protected":false},"excerpt":{"rendered":"<p>La Asociaci\u00f3n Uncanny surge de la uni\u00f3n de corazones humanos y caninos, con el sue\u00f1o de colaborar para crear un mundo mejor, m\u00e1s inclusivo, en el que todos y todas seamos m\u00e1s emp\u00e1ticos y emp\u00e1ticas, que dejemos de ver las diferencias de cada persona como barreras para convertirlas en fuente de riqueza y aprendizaje. Nuestro equipo est\u00e1 formado por un grupo de especialistas dedicados al \u00e1mbito social y de ayuda, con unos valores en com\u00fan que se han querido reflejar&hellip;<\/p>\n","protected":false},"author":1,"featured_media":0,"parent":0,"menu_order":0,"comment_status":"closed","ping_status":"closed","template":"","meta":{"footnotes":""},"class_list":["post-3557","page","type-page","status-publish","hentry"],"_links":{"self":[{"href":"https:\/\/www.asociacionuncanny.org\/index.php?rest_route=\/wp\/v2\/pages\/3557","targetHints":{"allow":["GET"]}}],"collection":[{"href":"https:\/\/www.asociacionuncanny.org\/index.php?rest_route=\/wp\/v2\/pages"}],"about":[{"href":"https:\/\/www.asociacionuncanny.org\/index.php?rest_route=\/wp\/v2\/types\/page"}],"author":[{"embeddable":true,"href":"https:\/\/www.asociacionuncanny.org\/index.php?rest_route=\/wp\/v2\/users\/1"}],"replies":[{"embeddable":true,"href":"https:\/\/www.asociacionuncanny.org\/index.php?rest_route=%2Fwp%2Fv2%2Fcomments&post=3557"}],"version-history":[{"count":4,"href":"https:\/\/www.asociacionuncanny.org\/index.php?rest_route=\/wp\/v2\/pages\/3557\/revisions"}],"predecessor-version":[{"id":3763,"href":"https:\/\/www.asociacionuncanny.org\/index.php?rest_route=\/wp\/v2\/pages\/3557\/revisions\/3763"}],"wp:attachment":[{"href":"https:\/\/www.asociacionuncanny.org\/index.php?rest_route=%2Fwp%2Fv2%2Fmedia&parent=3557"}],"curies":[{"name":"wp","href":"https:\/\/api.w.org\/{rel}","templated":true}]}}