{"id":3629,"date":"2021-10-15T11:10:35","date_gmt":"2021-10-15T11:10:35","guid":{"rendered":"https:\/\/www.asociacionuncanny.org\/?page_id=3629"},"modified":"2021-10-27T11:14:37","modified_gmt":"2021-10-27T11:14:37","slug":"formacion-canina","status":"publish","type":"page","link":"https:\/\/www.asociacionuncanny.org\/?page_id=3629","title":{"rendered":"Formaci\u00f3n Canina"},"content":{"rendered":"\n<p><span style=\"font-weight: 400;\">Querer a nuestro perro significa m\u00e1s all\u00e1 de cubrir sus necesidades b\u00e1sicas como el tener que comer, un lugar donde vivir, dormir y atenci\u00f3n m\u00e9dica.<\/span><\/p>\n\n\n\n<p><span style=\"font-weight: 400;\">Tambi\u00e9n tenemos que entender que son una especie diferente a nosotros, el conocer un poco m\u00e1s de sus necesidades fisiol\u00f3gicas e instintivas, su forma de comunicarse y entender que no son humanos, por lo tanto tenemos que ver la importancia de poder entenderlos un poco m\u00e1s y poder tener un canal de comunicaci\u00f3n correcto con ellos, y as\u00ed llevar una mejor vida que queremos compartir con nuestros perros que son compa\u00f1eros de vida.<\/span><\/p>\n\n\n\n<p><span style=\"font-weight: 400;\">Entender algunos de sus comportamientos y por qu\u00e9 reaccionan de esa forma a diferentes circunstancias como un simple paseo con correa, algo que podr\u00eda ser de lo m\u00e1s placentero y gratificante para ambos se puede convertir en algo muy estresante y mala experiencia.<\/span><\/p>\n\n\n\n<p><span style=\"font-weight: 400;\">Aunque algunos expertos valoran la humanizaci\u00f3n de los perros como otro tipo de maltrato animal, lo cierto es que la intenci\u00f3n que hay detr\u00e1s de esta distorsi\u00f3n casi nunca es mala. Al contrario, el proceso de humanizaci\u00f3n suele nacer de un afecto excesivo por nuestro perro.<\/span><\/p>\n\n\n\n<p><span style=\"font-weight: 400;\">El adiestramiento canino en el club, se fundamenta en establecer una relaci\u00f3n de respeto y equilibrio entre due\u00f1o y perro.<\/span><\/p>\n\n\n\n<p><span style=\"font-weight: 400;\">\u200b<\/span><span style=\"font-weight: 400;\">Nuestro club pone en pr\u00e1ctica t\u00e9cnicas de sociabilidad, modificaci\u00f3n de conductas,&nbsp; trabajo especial para cachorros, obediencia avanzada y otras disciplinas<\/span><\/p>\n\n\n\n<p><span style=\"font-weight: 400;\">Apostamos por una uni\u00f3n perro-gu\u00eda basada en la confianza mutua. La correcta comunicaci\u00f3n entre ambos cimentada en refuerzos positivos es clave para tener \u00e9xito en la educaci\u00f3n de nuestro perro.<\/span><\/p>\n\n\n\n<p><strong>S\u00e1bados de Club<\/strong><\/p>\n\n\n\n<ul class=\"wp-block-list\"><li><span style=\"font-weight: 400;\">Comunicaci\u00f3n con tu perro<\/span><\/li><li><span style=\"font-weight: 400;\">Apoyo en Desarrollo de cachorros<\/span><\/li><li><span style=\"font-weight: 400;\">Potencializar capacidades de cada individuo y canalizando su instinto<\/span><\/li><li><span style=\"font-weight: 400;\">Socializaci\u00f3n<\/span><\/li><li><span style=\"font-weight: 400;\">Bases de Obediencia deportiva e introducci\u00f3n a diferentes deportes caninos<\/span><\/li><li><span style=\"font-weight: 400;\">Modificaci\u00f3n de conductas<\/span><\/li><\/ul>\n","protected":false},"excerpt":{"rendered":"<p>Querer a nuestro perro significa m\u00e1s all\u00e1 de cubrir sus necesidades b\u00e1sicas como el tener que comer, un lugar donde vivir, dormir y atenci\u00f3n m\u00e9dica. Tambi\u00e9n tenemos que entender que son una especie diferente a nosotros, el conocer un poco m\u00e1s de sus necesidades fisiol\u00f3gicas e instintivas, su forma de comunicarse y entender que no son humanos, por lo tanto tenemos que ver la importancia de poder entenderlos un poco m\u00e1s y poder tener un canal de comunicaci\u00f3n correcto con&hellip;<\/p>\n","protected":false},"author":1,"featured_media":0,"parent":0,"menu_order":0,"comment_status":"closed","ping_status":"closed","template":"","meta":{"footnotes":""},"class_list":["post-3629","page","type-page","status-publish","hentry"],"_links":{"self":[{"href":"https:\/\/www.asociacionuncanny.org\/index.php?rest_route=\/wp\/v2\/pages\/3629","targetHints":{"allow":["GET"]}}],"collection":[{"href":"https:\/\/www.asociacionuncanny.org\/index.php?rest_route=\/wp\/v2\/pages"}],"about":[{"href":"https:\/\/www.asociacionuncanny.org\/index.php?rest_route=\/wp\/v2\/types\/page"}],"author":[{"embeddable":true,"href":"https:\/\/www.asociacionuncanny.org\/index.php?rest_route=\/wp\/v2\/users\/1"}],"replies":[{"embeddable":true,"href":"https:\/\/www.asociacionuncanny.org\/index.php?rest_route=%2Fwp%2Fv2%2Fcomments&post=3629"}],"version-history":[{"count":3,"href":"https:\/\/www.asociacionuncanny.org\/index.php?rest_route=\/wp\/v2\/pages\/3629\/revisions"}],"predecessor-version":[{"id":3667,"href":"https:\/\/www.asociacionuncanny.org\/index.php?rest_route=\/wp\/v2\/pages\/3629\/revisions\/3667"}],"wp:attachment":[{"href":"https:\/\/www.asociacionuncanny.org\/index.php?rest_route=%2Fwp%2Fv2%2Fmedia&parent=3629"}],"curies":[{"name":"wp","href":"https:\/\/api.w.org\/{rel}","templated":true}]}}