{"id":3633,"date":"2021-10-15T11:14:06","date_gmt":"2021-10-15T11:14:06","guid":{"rendered":"https:\/\/www.asociacionuncanny.org\/?page_id=3633"},"modified":"2022-03-31T09:03:36","modified_gmt":"2022-03-31T09:03:36","slug":"perros-de-servicio","status":"publish","type":"page","link":"https:\/\/www.asociacionuncanny.org\/?page_id=3633","title":{"rendered":"Perros de Servicio"},"content":{"rendered":"\n<h3 class=\"wp-block-heading\"><strong>Intervenciones Asistidas con Perros (I.A.A.)<\/strong><\/h3>\n\n\n\n<p>El d\u00eda a d\u00eda en el trabajo con personas en el \u00e1mbito cl\u00ednico, social o educativo es notorio que&nbsp; existe una necesidad de dar un apoyo real y eficiente&nbsp; en la atenci\u00f3n a las mismas.<\/p>\n\n\n\n<p>A ra\u00edz de esto, surgen las Intervenciones Asistidas con Animales (IAA).Las intervenciones Asistidas con Animales tienen como objetivo educar a los animales (perros) para que se conviertan en un apoyo en los tratamientos.&nbsp; Asimismo, la incorporaci\u00f3n de animales (perros) en el proceso terap\u00e9utico, se generar\u00e1 un centro de inter\u00e9s l\u00fadico que contribuir\u00e1 tambi\u00e9n en el desarrollo de la persona y en su calidad de vida en el \u00e1mbito social, emocional y cognitivo.<\/p>\n\n\n\n<p><strong>\u00bfQu\u00e9 son las intervenciones asistidas con animales?<\/strong><\/p>\n\n\n\n<p>As\u00ed pues, la Intervenciones Asistidas con Animales&nbsp; (perros)est\u00e1 formada por aquellas intervenciones en los \u00e1mbitos de la salud, la educaci\u00f3n y lo social que incluyen la participaci\u00f3n de animales (perros)&nbsp; especialmente seleccionados&nbsp; cuyo prop\u00f3sito es contribuir a la mejora terap\u00e9utica, social y educativa de las personas.<\/p>\n\n\n\n<p>Dentro de los m\u00faltiples \u00e1mbitos en los que los animales (perros) pueden resultar valiosos (apoyo emocional en situaciones judiciales, valoraci\u00f3n en diagn\u00f3sticos no apoyo familiar).<\/p>\n\n\n\n<p><strong>Modalidades de Trabajo:<\/strong><\/p>\n\n\n\n<ul class=\"wp-block-list\"><li><strong>Terapia Asistida con Animales<\/strong><\/li><\/ul>\n\n\n\n<p>La Terapia Asistida con Animales (TAA) es una intervenci\u00f3n que se basa en la interacci\u00f3n y v\u00ednculo entre una persona y un perro. El animal en este caso, debe estar debidamente seleccionado y educado para llevar acabo Actividades dise\u00f1adas con un objetivo terap\u00e9utico, los cuales ser\u00e1n marcados por profesionales socio-sanitarios expertos en la materia.<\/p>\n\n\n\n<ul class=\"wp-block-list\"><li><strong>Actividad Asistida con Animales<\/strong><\/li><\/ul>\n\n\n\n<p>La Actividad Asistida con Animales (AAA) es otra forma de intervenci\u00f3n basada en la interacci\u00f3n y v\u00ednculo entre una persona y un animal, pero en este caso el&nbsp; animal debe cumplir unos requisitos espec\u00edficos de selecci\u00f3n y educaci\u00f3n. Estas actividades estar\u00e1n dirigidas por un t\u00e9cnico en Intervenci\u00f3n Asistida con Animales (IAA), qui\u00e9n perseguir\u00e1 la consecuci\u00f3n de unos objetivos generales del tipo l\u00fadicos, recreativos, motivacionales, desensibilizaci\u00f3n, concienciaci\u00f3n o difusi\u00f3n, entre otros.<\/p>\n\n\n\n<ul class=\"wp-block-list\"><li><strong>Educaci\u00f3n Asistida con Animales<\/strong><\/li><\/ul>\n\n\n\n<p>La Educaci\u00f3n Asistida con Animales (EAA)&nbsp; es una intervenci\u00f3n en la que un profesional o equipo educativo coopera con un animal previamente seleccionado y educado para favorecer el proceso de ense\u00f1anza \u2013aprendizaje en un alumno o grupo de alumnos determinado. La incorporaci\u00f3n de animales en entornos educativos puede abordar objetivos de aprendizaje.<\/p>\n\n\n\n<p><strong>Beneficios<\/strong><\/p>\n\n\n\n<p>Se trabaja con personas que por diferentes situaciones y por su situaci\u00f3n social han sufrido da\u00f1os en la afectividad, llen\u00e1ndola de inseguridad, de explosi\u00f3n de defensa y alejamiento del v\u00ednculo que permitiera una afectividad constructiva.<\/p>\n\n\n\n<p>En estos casos, el perro aporta un v\u00ednculo de partida, puesto que \u00e9l no juzga, ni conoce el pasado, ni condiciona las respuestas ni inseguridades en el afecto.<\/p>\n\n\n\n<p><em>Desde hace varias d\u00e9cadas los investigadores estudian la importancia del v\u00ednculo humano-animal.&nbsp; Estos estudios reconocen que la interacci\u00f3n entre las personas y los animales proporcionan beneficios f\u00edsicos, psicol\u00f3gicos y fisiol\u00f3gicos significativos para el bienestar humano. Esta relaci\u00f3n humano-animal puede constituirse de varias formas, incluyendo animales de compa\u00f1\u00eda, como las mascotas, o mediante la terapia asistida con animales.<\/em><\/p>\n\n\n\n<p><em>Estas Intervenciones Asistidas con Animales son cada vez m\u00e1s requeridas&nbsp; por colectivos&nbsp; Educaci\u00f3n, Sanidad, etc.,<\/em><\/p>\n\n\n\n<p>Dentro de las <em>Terapias Asistidas con Animales<\/em> (TAA), el animal que m\u00e1s se utiliza es el perro. Las sesiones de trabajo pueden ser grupales o individuales y los pacientes suelen ser ni\u00f1os, adolescentes, personas mayores, enfermos mentales, etc\u00e9tera.<\/p>\n\n\n\n<p>La terapia con perros se utiliza para mejorar la salud y el bienestar de los usuarios, pues las mascotas pueden ser un valioso puente de comunicaci\u00f3n entre el terapeuta y el paciente. Seg\u00fan Boris Levinson, un psic\u00f3logo que llev\u00f3 a cabo varios estudios para conocer los beneficios de la terapia con mascotas, \u00e9stas, no s\u00f3lo son una forma de terapia agradable, sino que aportan muchos beneficios f\u00edsicos, psicol\u00f3gicos y sociales.<\/p>\n\n\n\n<p>Las personas que tienen perros en su hogar sabr\u00e1n que, tanto en los buenos como en los malos momentos,&nbsp; estar\u00e1 ah\u00ed para hacerle compa\u00f1\u00eda, por eso, los perros podr\u00edamos afirmar que los perros son, de alguna manera,<em> terapeutas naturales<\/em>.<\/p>\n\n\n\n<p><strong>Los objetivos de la terapia con perros<\/strong><\/p>\n\n\n\n<p>Son muchos los estudios que avalan los beneficios de esta pr\u00e1ctica terap\u00e9utica.&nbsp;&nbsp;<\/p>\n\n\n\n<p>Tanto enfermos de Alzheimer,&nbsp; pacientes con sida, ni\u00f1os autistas, pacientes con depresi\u00f3n o personas mayores, se benefician de las ventajas de este tipo de terapia.<\/p>\n\n\n\n<p>La terapia con perros tiene varios objetivos, tanto en el \u00e1rea de rehabilitaci\u00f3n como en el aprendizaje, ya que es \u00fatil a nivel psicol\u00f3gico, cognitivo o psicomotriz, y ayuda a mejorar la comunicaci\u00f3n o tiene un efecto beneficioso en la socializaci\u00f3n de los usuarios.<\/p>\n\n\n\n<p>Los objetivos son variados, pero de manera general, van dirigidos a:<\/p>\n\n\n\n<ul class=\"wp-block-list\"><li>Potenciar las habilidades de comunicaci\u00f3n y de relaci\u00f3n personal<\/li><li>Mejorar la autoestima y la autonom\u00eda<\/li><li>Estimular para realizar actividades motrices concretas, como mimar, cepillar, etc.<\/li><li>Mejorar las relaciones y habilidades sociales (empat\u00eda, saludar, interesarse por los dem\u00e1s, etc.)<\/li><li>Reducir los estados de ansiedad y depresi\u00f3n<\/li><li>Fomentar el sentido de la responsabilidad<\/li><\/ul>\n\n\n\n<h4 class=\"wp-block-heading\">Los beneficios de la terapia con perros<\/h4>\n\n\n\n<p>Como hemos podido ver, la terapia con perros afecta a muchas \u00e1reas y tiene objetivos variados. Pero, \u00bfqu\u00e9 beneficios aporta a los pacientes?&nbsp;<\/p>\n\n\n\n<p>A continuaci\u00f3n presentamos los beneficios (no solo los psicol\u00f3gicos, sino tambi\u00e9n los que conciernen a otros \u00e1mbitos de la salud) de la terapia con perros.<\/p>\n\n\n\n<p><strong>Beneficios psicol\u00f3gicos<\/strong><\/p>\n\n\n\n<ul class=\"wp-block-list\"><li>Mejorar el estado de \u00e1nimo<\/li><li>Ayuda a mejorar la atenci\u00f3n (se utiliza para ni\u00f1os con TDAH))<\/li><li>Ant\u00eddoto para la depresi\u00f3n y la monoton\u00eda<\/li><li>Evitar la soledad<\/li><li>Disminuye la ansiedad y el estr\u00e9s<\/li><li>Fomentan el contacto social y f\u00edsico<\/li><li>Sirve como incentivo y motivaci\u00f3n<\/li><li>Es agradable para el paciente<\/li><li>Crean un v\u00ednculo positivo<\/li><li>Los perros nos aceptan tal y como somos<\/li><li>Sirve para entretener desarrollar las habilidades de ocio<\/li><li>Favorece la estimulaci\u00f3n mental<\/li><\/ul>\n\n\n\n<p><strong>Beneficios psicomotores<\/strong><\/p>\n\n\n\n<ul class=\"wp-block-list\"><li>Mejora el fortalecimiento de m\u00fasculos, las destrezas motrices<\/li><li>Mejora la coordinaci\u00f3n y favorece al incremento de la fuerza muscular<\/li><li>Mejora la motricidad fina gracias a movimientos como acariciar, arreglar, darle de comer, etc.<\/li><\/ul>\n\n\n\n<p><strong>Beneficios educativos<\/strong><\/p>\n\n\n\n<ul class=\"wp-block-list\"><li>Mejora las habilidades sociales (empat\u00eda, respeto, comunicaci\u00f3n, etc.)<\/li><li>Ayuda a entender la importancia de la colaboraci\u00f3n, el compromiso y el trabajo en equipo<\/li><li>Reduce las conductas no deseadas<\/li><li>Se produce un aprendizaje a trav\u00e9s del juego<\/li><\/ul>\n\n\n\n<p><strong>Beneficios sensoriales<\/strong><\/p>\n\n\n\n<ul class=\"wp-block-list\"><li>Ayuda a aumentar la propiocepci\u00f3n<\/li><li>Favorece el desarrollo del sistema vestibular<\/li><li>Trabaja los sentidos y brinda est\u00edmulos auditivos, visuales y t\u00e1ctiles<\/li><\/ul>\n\n\n\n<h4 class=\"wp-block-heading\">Perros de Asistencia y Servicio<\/h4>\n\n\n\n<p><strong>Tipos de perros de Asistencia y Servicio seg\u00fan la discapacidad<\/strong>:<\/p>\n\n\n\n<ul class=\"wp-block-list\"><li><strong>Perros de asistencia para personas con discapacidad f\u00edsica<\/strong>. Preparados para coger cosas del suelo, encender interruptores, abrir y cerrar puertas y cajones, etc.<\/li><li><strong>Perros de asistencia para personas con discapacidad auditiva<\/strong>. Especialmente entrenados para avisar a su due\u00f1o de diversos sonidos (timbres, tel\u00e9fono, llanto de un beb\u00e9, voces, alarmas, despertador, etc.) y llevarle hasta el lugar de donde proviene sonido.<\/li><li><strong>Perros de asistencia para alerta m\u00e9dica y emergencias<\/strong>. Entrenados para asistir a personas que pueden sufrir enfermedades como diabetes o epilepsia, y pedir ayuda en caso de ser necesario.<\/li><li><strong>Perros de asistencia para personas con autismo<\/strong>. Son un tipo de perros de terapia capaces de evitar o reducir las conductas disruptivas y conductas estereotipadas propias del autismo. Estos animales, que establecen un canal afectivo muy fuerte con sus due\u00f1os, mejoran la comunicaci\u00f3n, la estimulaci\u00f3n sensorial y la seguridad de sus propietarios.<\/li><\/ul>\n","protected":false},"excerpt":{"rendered":"<p>Intervenciones Asistidas con Perros (I.A.A.) El d\u00eda a d\u00eda en el trabajo con personas en el \u00e1mbito cl\u00ednico, social o educativo es notorio que&nbsp; existe una necesidad de dar un apoyo real y eficiente&nbsp; en la atenci\u00f3n a las mismas. A ra\u00edz de esto, surgen las Intervenciones Asistidas con Animales (IAA).Las intervenciones Asistidas con Animales tienen como objetivo educar a los animales (perros) para que se conviertan en un apoyo en los tratamientos.&nbsp; Asimismo, la incorporaci\u00f3n de animales (perros) en&hellip;<\/p>\n","protected":false},"author":1,"featured_media":0,"parent":0,"menu_order":0,"comment_status":"closed","ping_status":"closed","template":"","meta":{"footnotes":""},"class_list":["post-3633","page","type-page","status-publish","hentry"],"_links":{"self":[{"href":"https:\/\/www.asociacionuncanny.org\/index.php?rest_route=\/wp\/v2\/pages\/3633","targetHints":{"allow":["GET"]}}],"collection":[{"href":"https:\/\/www.asociacionuncanny.org\/index.php?rest_route=\/wp\/v2\/pages"}],"about":[{"href":"https:\/\/www.asociacionuncanny.org\/index.php?rest_route=\/wp\/v2\/types\/page"}],"author":[{"embeddable":true,"href":"https:\/\/www.asociacionuncanny.org\/index.php?rest_route=\/wp\/v2\/users\/1"}],"replies":[{"embeddable":true,"href":"https:\/\/www.asociacionuncanny.org\/index.php?rest_route=%2Fwp%2Fv2%2Fcomments&post=3633"}],"version-history":[{"count":3,"href":"https:\/\/www.asociacionuncanny.org\/index.php?rest_route=\/wp\/v2\/pages\/3633\/revisions"}],"predecessor-version":[{"id":3727,"href":"https:\/\/www.asociacionuncanny.org\/index.php?rest_route=\/wp\/v2\/pages\/3633\/revisions\/3727"}],"wp:attachment":[{"href":"https:\/\/www.asociacionuncanny.org\/index.php?rest_route=%2Fwp%2Fv2%2Fmedia&parent=3633"}],"curies":[{"name":"wp","href":"https:\/\/api.w.org\/{rel}","templated":true}]}}